{"id":139,"date":"2016-10-16T17:37:19","date_gmt":"2016-10-16T15:37:19","guid":{"rendered":"http:\/\/kinesportbonneveine.fr\/?page_id=139"},"modified":"2020-02-27T14:36:21","modified_gmt":"2020-02-27T13:36:21","slug":"le-cabinet-2","status":"publish","type":"page","link":"http:\/\/kinesportbonneveine.fr\/","title":{"rendered":"Le cabinet"},"content":{"rendered":"<div class=\"entry-content\">\n<p>Au c\u0153ur du quartier de Bonneveine, situ\u00e9 dans l\u2019immeuble le Sud 166 avenue de Hambourg 13008.<\/p>\n<p><img decoding=\"async\" loading=\"lazy\" class=\"aligncenter wp-image-173 size-medium\" title=\"Vue rue\" src=\"http:\/\/kinesportbonneveine.fr\/wp-content\/uploads\/2016\/10\/Cabinet-3-300x169.jpg\" alt=\"Vue rue\" width=\"300\" height=\"169\" srcset=\"http:\/\/kinesportbonneveine.fr\/wp-content\/uploads\/2016\/10\/Cabinet-3-300x169.jpg 300w, http:\/\/kinesportbonneveine.fr\/wp-content\/uploads\/2016\/10\/Cabinet-3-768x432.jpg 768w, http:\/\/kinesportbonneveine.fr\/wp-content\/uploads\/2016\/10\/Cabinet-3-1024x576.jpg 1024w, http:\/\/kinesportbonneveine.fr\/wp-content\/uploads\/2016\/10\/Cabinet-3-940x529.jpg 940w, http:\/\/kinesportbonneveine.fr\/wp-content\/uploads\/2016\/10\/Cabinet-3-680x383.jpg 680w, http:\/\/kinesportbonneveine.fr\/wp-content\/uploads\/2016\/10\/Cabinet-3-711x400.jpg 711w\" sizes=\"(max-width: 300px) 100vw, 300px\" \/><\/p>\n<p>Principalement orient\u00e9e sur la r\u00e9\u00e9ducation du sportif de tous niveaux, le centre Kin\u00e9 Sport Bonneveine travaille aussi sur des pathologies touchant toutes les tranches d\u2019\u00e2ges et toutes les populations. Nous r\u00e9alisons \u00e9galement des actes de kin\u00e9sith\u00e9rapie \u00e0 DOMICILE si besoin.<\/p>\n<p>Gr\u00e2ce au mat\u00e9riel du cabinet ainsi que les connaissances acquises par l\u2019\u00e9quipe, le centre Kin\u00e9 Sport Bonneveine est apte \u00e0 traiter tout type de pathologie comme d\u00e9crit dans l\u2019article <a href=\"http:\/\/kinesportbonneveine.fr\/index.php\/les-pathologies-traitees\/\">les pathologies trait\u00e9es.<\/a><\/p>\n<p>Sur un plateau technique de 200m\u00b2 nous sommes 4 kin\u00e9s et une psychomotricienne.<\/p>\n<figure id=\"attachment_181\" aria-describedby=\"caption-attachment-181\" style=\"width: 408px\" class=\"wp-caption alignleft\"><img decoding=\"async\" loading=\"lazy\" class=\"wp-image-181 \" title=\"Gymnase\" src=\"http:\/\/kinesportbonneveine.fr\/wp-content\/uploads\/2016\/10\/Cabinet-2-300x169.jpg\" alt=\"Gymnase\" width=\"408\" height=\"230\" srcset=\"http:\/\/kinesportbonneveine.fr\/wp-content\/uploads\/2016\/10\/Cabinet-2-300x169.jpg 300w, http:\/\/kinesportbonneveine.fr\/wp-content\/uploads\/2016\/10\/Cabinet-2-768x432.jpg 768w, http:\/\/kinesportbonneveine.fr\/wp-content\/uploads\/2016\/10\/Cabinet-2-1024x576.jpg 1024w, http:\/\/kinesportbonneveine.fr\/wp-content\/uploads\/2016\/10\/Cabinet-2-940x529.jpg 940w, http:\/\/kinesportbonneveine.fr\/wp-content\/uploads\/2016\/10\/Cabinet-2-680x383.jpg 680w, http:\/\/kinesportbonneveine.fr\/wp-content\/uploads\/2016\/10\/Cabinet-2-711x400.jpg 711w\" sizes=\"(max-width: 408px) 100vw, 408px\" \/><figcaption id=\"caption-attachment-181\" class=\"wp-caption-text\">Gymnase<\/figcaption><\/figure>\n<figure id=\"attachment_117\" aria-describedby=\"caption-attachment-117\" style=\"width: 161px\" class=\"wp-caption alignright\"><img decoding=\"async\" loading=\"lazy\" class=\"wp-image-117\" title=\"Petit mat\u00e9riel kin\u00e9\" src=\"http:\/\/kinesportbonneveine.fr\/wp-content\/uploads\/2016\/10\/dscn1655-225x300.jpg\" alt=\"Petit mat\u00e9riel kin\u00e9\" width=\"161\" height=\"215\" srcset=\"http:\/\/kinesportbonneveine.fr\/wp-content\/uploads\/2016\/10\/dscn1655-225x300.jpg 225w, http:\/\/kinesportbonneveine.fr\/wp-content\/uploads\/2016\/10\/dscn1655-768x1024.jpg 768w, http:\/\/kinesportbonneveine.fr\/wp-content\/uploads\/2016\/10\/dscn1655-940x1253.jpg 940w, http:\/\/kinesportbonneveine.fr\/wp-content\/uploads\/2016\/10\/dscn1655-300x400.jpg 300w\" sizes=\"(max-width: 161px) 100vw, 161px\" \/><figcaption id=\"caption-attachment-117\" class=\"wp-caption-text\">Petit mat\u00e9riel kin\u00e9<\/figcaption><\/figure>\n<\/div>\n<div class=\"entry-content\">\n<p><span style=\"text-decoration: underline;\">Les horaires d\u2019ouverture :<\/span><\/p>\n<ul>\n<li>Lundi : 8h \u00e0 20h<\/li>\n<li>Mardi : 8h \u00e0 20h<\/li>\n<li>Mercredi : 8h \u00e0 20h<\/li>\n<li>Jeudi : 8h \u00e0 20h<\/li>\n<li>Vendredi : 8h \u00e0 20h<\/li>\n<\/ul>\n<p><span style=\"text-decoration: underline;\">Comment y acc\u00e9der :<\/span><\/p>\n<p><em>En voiture<\/em> : 166 Avenue de Hambourg Immeuble le Sud 13008 Marseille<\/p>\n<p><img decoding=\"async\" loading=\"lazy\" class=\"alignnone size-full wp-image-48\" src=\"http:\/\/kinesportbonneveine.fr\/wp-content\/uploads\/2016\/07\/localisation-cab.png\" sizes=\"(max-width: 1089px) 100vw, 1089px\" srcset=\"http:\/\/kinesportbonneveine.fr\/wp-content\/uploads\/2016\/07\/localisation-cab.png 1089w, http:\/\/kinesportbonneveine.fr\/wp-content\/uploads\/2016\/07\/localisation-cab-300x167.png 300w, http:\/\/kinesportbonneveine.fr\/wp-content\/uploads\/2016\/07\/localisation-cab-768x428.png 768w, http:\/\/kinesportbonneveine.fr\/wp-content\/uploads\/2016\/07\/localisation-cab-1024x571.png 1024w, http:\/\/kinesportbonneveine.fr\/wp-content\/uploads\/2016\/07\/localisation-cab-940x524.png 940w, http:\/\/kinesportbonneveine.fr\/wp-content\/uploads\/2016\/07\/localisation-cab-718x400.png 718w\" alt=\"localisation cab\" width=\"1089\" height=\"607\" \/><\/p>\n<p><em>En Bus :<\/em><\/p>\n<ul>\n<li>A partir du rond point du prado : le 23, 45<\/li>\n<li>A partir de dromel : 47<\/li>\n<\/ul>\n<p>N\u00b0 de t\u00e9l\u00e9phone :<strong> 04 91 70 02 43<\/strong><\/p>\n<\/div>\n","protected":false},"excerpt":{"rendered":"<p>Au c\u0153ur du quartier de Bonneveine, situ\u00e9 dans l\u2019immeuble le Sud 166 avenue de Hambourg 13008. Principalement orient\u00e9e sur la r\u00e9\u00e9ducation du sportif de tous niveaux, le centre Kin\u00e9 Sport Bonneveine travaille aussi sur des&hellip; <a href=\"http:\/\/kinesportbonneveine.fr\/\">More<\/a><\/p>\n","protected":false},"author":1,"featured_media":0,"parent":0,"menu_order":0,"comment_status":"closed","ping_status":"closed","template":"","meta":[],"_links":{"self":[{"href":"http:\/\/kinesportbonneveine.fr\/index.php\/wp-json\/wp\/v2\/pages\/139"}],"collection":[{"href":"http:\/\/kinesportbonneveine.fr\/index.php\/wp-json\/wp\/v2\/pages"}],"about":[{"href":"http:\/\/kinesportbonneveine.fr\/index.php\/wp-json\/wp\/v2\/types\/page"}],"author":[{"embeddable":true,"href":"http:\/\/kinesportbonneveine.fr\/index.php\/wp-json\/wp\/v2\/users\/1"}],"replies":[{"embeddable":true,"href":"http:\/\/kinesportbonneveine.fr\/index.php\/wp-json\/wp\/v2\/comments?post=139"}],"version-history":[{"count":14,"href":"http:\/\/kinesportbonneveine.fr\/index.php\/wp-json\/wp\/v2\/pages\/139\/revisions"}],"predecessor-version":[{"id":269,"href":"http:\/\/kinesportbonneveine.fr\/index.php\/wp-json\/wp\/v2\/pages\/139\/revisions\/269"}],"wp:attachment":[{"href":"http:\/\/kinesportbonneveine.fr\/index.php\/wp-json\/wp\/v2\/media?parent=139"}],"curies":[{"name":"wp","href":"https:\/\/api.w.org\/{rel}","templated":true}]}}