{"id":220,"date":"2017-03-10T13:23:18","date_gmt":"2017-03-10T12:23:18","guid":{"rendered":"http:\/\/kinesportbonneveine.fr\/?page_id=220"},"modified":"2017-03-10T13:24:50","modified_gmt":"2017-03-10T12:24:50","slug":"le-scrapping","status":"publish","type":"page","link":"http:\/\/kinesportbonneveine.fr\/index.php\/le-scrapping\/","title":{"rendered":"Le Scraping"},"content":{"rendered":"<h3 id=\"mod_12165914\" class=\"mod_12165914 wm-module fullbackground \">Effets de la technique Scraping sur la temperature Locale et la perfusion sanguine<\/h3>\n<div id=\"mod_12165895\" class=\"mod_12165895 wm-module fullbackground page2_article article-2053\">\n<div class=\"cel1\">\n<div class=\"chapeau\">\n<p class=\"access\">Un des avantages de la technique: augmentation de la perfusion et de la temp\u00e9rature.<br \/>\nImage tir\u00e9e des \u00e9tudes del&#8217; Institute of Acupuncture and Moxibustion, China Academy of Chinese Medical Sciences, Beijing 100700, China.<br \/>\nEtude sur 23 sujets avec thermographe infra rouge, image Laser Doppler et outil de scraping.<\/p>\n<\/div>\n<div class=\"entry-content instapaper_body\">\n<div id=\"para_3\" class=\"para_7987718 resize\"><img decoding=\"async\" loading=\"lazy\" class=\"irc_mi\" src=\"http:\/\/www.kine-formations.com\/photo\/art\/grande\/9387284-15031169.jpg?v=1461832473\" alt=\"R\u00e9sultat de recherche d'images pour &quot;le scraping kin\u00e9&quot;\" width=\"210\" height=\"210\" \/><\/div>\n<div id=\"para_4\" class=\"para_7987732 resize\">\n<div class=\"texte\">\n<div class=\"access firstletter\">\n<p>Alors que les formateurs Kinesport partagent leur exp\u00e9rience sur les technique de scraping issus des techniques Graston, astym, SASTM&#8230; depuis plus de 5 ans, il semble que cette technique int\u00e9resse de plus en plus de monde. Kinesport fut le premier \u00e0 introduire cette technique en France pour les kin\u00e9sith\u00e9rapeutes.<\/p>\n<p>Rappelons que seuls les masseurs-kin\u00e9sith\u00e9rapeutes et les chiropractuers ont le droit de pratiquer la mobilisation avec instrument ( et non les ost\u00e9opathes).<\/p>\n<p><strong>La formation sur outils aux ost\u00e9opathes est donc interdite.<\/strong><\/p>\n<p><img decoding=\"async\" loading=\"lazy\" class=\"irc_mi\" src=\"https:\/\/images-na.ssl-images-amazon.com\/images\/I\/516TW7OFoPL.jpg\" alt=\"Image associ\u00e9e\" width=\"337\" height=\"449\" \/><\/p>\n<p>Cette technique date depuis de longues ann\u00e9es, et a \u00e9t\u00e9 adapt\u00e9e par les am\u00e9ricains dans les 15 derni\u00e8res ann\u00e9es.<br \/>\nEn france, en dehors des praticiens en m\u00e9decine chinoise selon une utilisation traditionnelle, la technique adapt\u00e9e n&#8217;\u00e9tait pas connu avant que Kinesport l&#8217;inclue dans son enseignement.<\/p>\n<p>Depuis 1 an et demi, beaucoup d&#8217;organismes s&#8217;y mettent mais mieux vaut tard que jamais et le but ets bien de partager les bonnes techniques.<\/p>\n<p><u><strong>Mieux, beaucoup d\u00e9crivent la non efficacit\u00e9 des outils ancestraux&#8230;. pr\u00e9textant que leurs nouveaux outils ( vendus tr\u00e8s cher) sont mieux&#8230; m\u00eame que ceux de Graston, le porteur de la technique aux Etats unis depuis de tr\u00e8s longues ann\u00e9es. <\/strong><\/u><\/p>\n<\/div>\n<\/div>\n<\/div>\n<\/div>\n<\/div>\n<\/div>\n","protected":false},"excerpt":{"rendered":"<p>Effets de la technique Scraping sur la temperature Locale et la perfusion sanguine Un des avantages de la technique: augmentation de la perfusion et de la temp\u00e9rature. Image tir\u00e9e des \u00e9tudes del&#8217; Institute of Acupuncture&hellip; <a href=\"http:\/\/kinesportbonneveine.fr\/index.php\/le-scrapping\/\">More<\/a><\/p>\n","protected":false},"author":1,"featured_media":0,"parent":0,"menu_order":0,"comment_status":"closed","ping_status":"closed","template":"","meta":[],"_links":{"self":[{"href":"http:\/\/kinesportbonneveine.fr\/index.php\/wp-json\/wp\/v2\/pages\/220"}],"collection":[{"href":"http:\/\/kinesportbonneveine.fr\/index.php\/wp-json\/wp\/v2\/pages"}],"about":[{"href":"http:\/\/kinesportbonneveine.fr\/index.php\/wp-json\/wp\/v2\/types\/page"}],"author":[{"embeddable":true,"href":"http:\/\/kinesportbonneveine.fr\/index.php\/wp-json\/wp\/v2\/users\/1"}],"replies":[{"embeddable":true,"href":"http:\/\/kinesportbonneveine.fr\/index.php\/wp-json\/wp\/v2\/comments?post=220"}],"version-history":[{"count":3,"href":"http:\/\/kinesportbonneveine.fr\/index.php\/wp-json\/wp\/v2\/pages\/220\/revisions"}],"predecessor-version":[{"id":223,"href":"http:\/\/kinesportbonneveine.fr\/index.php\/wp-json\/wp\/v2\/pages\/220\/revisions\/223"}],"wp:attachment":[{"href":"http:\/\/kinesportbonneveine.fr\/index.php\/wp-json\/wp\/v2\/media?parent=220"}],"curies":[{"name":"wp","href":"https:\/\/api.w.org\/{rel}","templated":true}]}}