{"id":280,"date":"2021-11-11T11:35:08","date_gmt":"2021-11-11T10:35:08","guid":{"rendered":"http:\/\/kinesportbonneveine.fr\/?page_id=280"},"modified":"2021-11-11T11:35:08","modified_gmt":"2021-11-11T10:35:08","slug":"la-cryotherapie","status":"publish","type":"page","link":"http:\/\/kinesportbonneveine.fr\/index.php\/la-cryotherapie\/","title":{"rendered":"La cryoth\u00e9rapie"},"content":{"rendered":"\n<h1 class=\"wp-block-heading\"><strong>Zimmer Cryo 6<\/strong><\/h1>\n\n\n\n<h2 class=\"wp-block-heading\"><strong>La Cryo \u00e0 air puls\u00e9<\/strong><\/h2>\n\n\n\n<p>Mode de traitement efficaces et modernes. Faites sur mesure pour r\u00e9pondre aux besoins des kin\u00e9sith\u00e9rapeutes et centre de r\u00e9\u00e9ducation.<\/p>\n\n\n\n<h3 class=\"wp-block-heading\"><strong>Points Forts :<\/strong><\/h3>\n\n\n\n<ul><li><strong>Cryoth\u00e9rapie moderne :<\/strong><br>Le Cryo 6 est autonome. Il fonctionne en circuit ferm\u00e9 et ne n\u00e9cessite aucun consommable. Pas de co\u00fbt suppl\u00e9mentaire et la libert\u00e9 en plus !<br>Une conception technique innovante, des mat\u00e9riaux nouveaux, pour encore plus de qualit\u00e9 et de fiabilit\u00e9.<br>L&#8217;abaissement de la temp\u00e9rature cutan\u00e9e \u00e0 5\u00b0C en moins de 10 secondes garantit un effet antalgique de tr\u00e8s grande qualit\u00e9 en toute s\u00e9curit\u00e9.<\/li><li><strong>Performant et polyvalent :<\/strong><br>Avec un froid \u00e0 -30\u00b0C le cryo 6 peut \u00eatre adapt\u00e9 \u00e0 chaque besoin et appliqu\u00e9 avec pr\u00e9cision.<\/li><li><strong>Puissant : jusqu&#8217;\u00e0 100 traitements par jours !<\/strong><br>Le contr\u00f4le permanent du niveau d&#8217;eau de condensation, ainsi que le d\u00e9givrage, garantissent un fonctionnement quotidien optimal.<br>Le filtre \u00e0 air est nettoyable en quelques secondes, sans d\u00e9montage, sur simple indication de l&#8217;\u00e9cran.<\/li><\/ul>\n\n\n\n<h3 class=\"wp-block-heading\"><strong>Applications :<\/strong><\/h3>\n\n\n\n<p>La cryoth\u00e9rapie par l&#8217;air froid est appliqu\u00e9e de mani\u00e8re simple et efficace dans le cadre de nombreuses indications avec les objectifs th\u00e9rapeutiques suivants :<\/p>\n\n\n\n<ul><li>Antalgie,<\/li><li>R\u00e9duction des inflammations<\/li><li>D\u00e9contracturant musculaire<\/li><li>Stimulation du m\u00e9tabolisme<\/li><li>R\u00e9duction des oed\u00e8mes<\/li><li>Dynamique sportive : Elle est indispensable au traitement des l\u00e9sions sportives, id\u00e9ales pour le traitement naturel des inflammations et h\u00e9matomes, de contractures musculaires, de d\u00e9chirures et d&#8217;\u00e9tats douloureux.<\/li><\/ul>\n\n\n\n<p><em>Sans risque de br\u00fblure, tr\u00e8s efficace, elle participe \u00e0 votre recherche de la performance th\u00e9rapeutique. Le Cryo 6 est devenu un outil de r\u00e9f\u00e9rence pour les sportifs de haut niveau<\/em><\/p>\n","protected":false},"excerpt":{"rendered":"<p>Zimmer Cryo 6 La Cryo \u00e0 air puls\u00e9 Mode de traitement efficaces et modernes. Faites sur mesure pour r\u00e9pondre aux besoins des kin\u00e9sith\u00e9rapeutes et centre de r\u00e9\u00e9ducation. Points Forts : Cryoth\u00e9rapie moderne :Le Cryo 6&hellip; <a href=\"http:\/\/kinesportbonneveine.fr\/index.php\/la-cryotherapie\/\">More<\/a><\/p>\n","protected":false},"author":1,"featured_media":0,"parent":0,"menu_order":0,"comment_status":"closed","ping_status":"closed","template":"","meta":[],"_links":{"self":[{"href":"http:\/\/kinesportbonneveine.fr\/index.php\/wp-json\/wp\/v2\/pages\/280"}],"collection":[{"href":"http:\/\/kinesportbonneveine.fr\/index.php\/wp-json\/wp\/v2\/pages"}],"about":[{"href":"http:\/\/kinesportbonneveine.fr\/index.php\/wp-json\/wp\/v2\/types\/page"}],"author":[{"embeddable":true,"href":"http:\/\/kinesportbonneveine.fr\/index.php\/wp-json\/wp\/v2\/users\/1"}],"replies":[{"embeddable":true,"href":"http:\/\/kinesportbonneveine.fr\/index.php\/wp-json\/wp\/v2\/comments?post=280"}],"version-history":[{"count":1,"href":"http:\/\/kinesportbonneveine.fr\/index.php\/wp-json\/wp\/v2\/pages\/280\/revisions"}],"predecessor-version":[{"id":281,"href":"http:\/\/kinesportbonneveine.fr\/index.php\/wp-json\/wp\/v2\/pages\/280\/revisions\/281"}],"wp:attachment":[{"href":"http:\/\/kinesportbonneveine.fr\/index.php\/wp-json\/wp\/v2\/media?parent=280"}],"curies":[{"name":"wp","href":"https:\/\/api.w.org\/{rel}","templated":true}]}}