{"id":33,"date":"2016-07-10T13:25:51","date_gmt":"2016-07-10T12:25:51","guid":{"rendered":"https:\/\/kinesportbonneveine.wordpress.com\/nous-contacter-3\/"},"modified":"2016-10-17T14:21:16","modified_gmt":"2016-10-17T12:21:16","slug":"contact","status":"publish","type":"page","link":"http:\/\/kinesportbonneveine.fr\/index.php\/contact\/","title":{"rendered":"Contact"},"content":{"rendered":"<p>T\u00e9l\u00e9phone : 04 91 70 02 43<\/p>\n<p>Email : kine-sportbonneveine@orange.fr<\/p>\n<p>Page Facebook : <a href=\"https:\/\/www.facebook.com\/kinesportbonneveine\/?ref=aymt_homepage_panel\">Kin\u00e9 Sport Bonneveine<\/a><\/p>\n","protected":false},"excerpt":{"rendered":"<p>T\u00e9l\u00e9phone : 04 91 70 02 43 Email : kine-sportbonneveine@orange.fr Page Facebook : Kin\u00e9 Sport Bonneveine<\/p>\n","protected":false},"author":2,"featured_media":0,"parent":0,"menu_order":0,"comment_status":"closed","ping_status":"closed","template":"","meta":[],"_links":{"self":[{"href":"http:\/\/kinesportbonneveine.fr\/index.php\/wp-json\/wp\/v2\/pages\/33"}],"collection":[{"href":"http:\/\/kinesportbonneveine.fr\/index.php\/wp-json\/wp\/v2\/pages"}],"about":[{"href":"http:\/\/kinesportbonneveine.fr\/index.php\/wp-json\/wp\/v2\/types\/page"}],"author":[{"embeddable":true,"href":"http:\/\/kinesportbonneveine.fr\/index.php\/wp-json\/wp\/v2\/users\/2"}],"replies":[{"embeddable":true,"href":"http:\/\/kinesportbonneveine.fr\/index.php\/wp-json\/wp\/v2\/comments?post=33"}],"version-history":[{"count":4,"href":"http:\/\/kinesportbonneveine.fr\/index.php\/wp-json\/wp\/v2\/pages\/33\/revisions"}],"predecessor-version":[{"id":184,"href":"http:\/\/kinesportbonneveine.fr\/index.php\/wp-json\/wp\/v2\/pages\/33\/revisions\/184"}],"wp:attachment":[{"href":"http:\/\/kinesportbonneveine.fr\/index.php\/wp-json\/wp\/v2\/media?parent=33"}],"curies":[{"name":"wp","href":"https:\/\/api.w.org\/{rel}","templated":true}]}}