{"id":35,"date":"2016-07-10T14:28:24","date_gmt":"2016-07-10T12:28:24","guid":{"rendered":"https:\/\/kinesportbonneveine.wordpress.com\/les-pathologies-traitees\/"},"modified":"2016-11-14T11:30:34","modified_gmt":"2016-11-14T10:30:34","slug":"les-pathologies-traitees","status":"publish","type":"page","link":"http:\/\/kinesportbonneveine.fr\/index.php\/les-pathologies-traitees\/","title":{"rendered":"Les pathologies trait\u00e9es"},"content":{"rendered":"<p>Le cabinet Kine Sport Bonneveine traite vos pathologies :<\/p>\n<figure id=\"attachment_170\" aria-describedby=\"caption-attachment-170\" style=\"width: 300px\" class=\"wp-caption aligncenter\"><img decoding=\"async\" loading=\"lazy\" class=\"wp-image-170 size-medium\" title=\"Les diff\u00e9rentes pathologies\" src=\"http:\/\/kinesportbonneveine.fr\/wp-content\/uploads\/2016\/07\/difference-osteopathie-kine-peredes-nimes-300x300.jpg\" alt=\"Les diff\u00e9rentes pathologies\" width=\"300\" height=\"300\" srcset=\"http:\/\/kinesportbonneveine.fr\/wp-content\/uploads\/2016\/07\/difference-osteopathie-kine-peredes-nimes-300x300.jpg 300w, http:\/\/kinesportbonneveine.fr\/wp-content\/uploads\/2016\/07\/difference-osteopathie-kine-peredes-nimes-150x150.jpg 150w, http:\/\/kinesportbonneveine.fr\/wp-content\/uploads\/2016\/07\/difference-osteopathie-kine-peredes-nimes-400x400.jpg 400w, http:\/\/kinesportbonneveine.fr\/wp-content\/uploads\/2016\/07\/difference-osteopathie-kine-peredes-nimes.jpg 693w\" sizes=\"(max-width: 300px) 100vw, 300px\" \/><figcaption id=\"caption-attachment-170\" class=\"wp-caption-text\">Les diff\u00e9rentes pathologies<\/figcaption><\/figure>\n<ul>\n<li>troubles de la circulation<\/li>\n<li>troubles de l&#8217;\u00e9quilibre<\/li>\n<li>pathologies du tronc (scoliose, lumbago, etc&#8230;)<\/li>\n<li>pathologies des membres, inf\u00e9rieurs comme sup\u00e9rieurs (entorse, tendinite, post-op\u00e9ratoire, etc&#8230;)<\/li>\n<li>remise en forme et r\u00e9athletisation<\/li>\n<li>troubles locomoteur<\/li>\n<li>affections neurologiques<\/li>\n<li>aide \u00e0 la marche<\/li>\n<li>et bien d&#8217;autres pathologies non cit\u00e9es&#8230;<\/li>\n<\/ul>\n","protected":false},"excerpt":{"rendered":"<p>Le cabinet Kine Sport Bonneveine traite vos pathologies : troubles de la circulation troubles de l&#8217;\u00e9quilibre pathologies du tronc (scoliose, lumbago, etc&#8230;) pathologies des membres, inf\u00e9rieurs comme sup\u00e9rieurs (entorse, tendinite, post-op\u00e9ratoire, etc&#8230;) remise en forme&hellip; <a href=\"http:\/\/kinesportbonneveine.fr\/index.php\/les-pathologies-traitees\/\">More<\/a><\/p>\n","protected":false},"author":2,"featured_media":0,"parent":0,"menu_order":0,"comment_status":"closed","ping_status":"closed","template":"","meta":[],"_links":{"self":[{"href":"http:\/\/kinesportbonneveine.fr\/index.php\/wp-json\/wp\/v2\/pages\/35"}],"collection":[{"href":"http:\/\/kinesportbonneveine.fr\/index.php\/wp-json\/wp\/v2\/pages"}],"about":[{"href":"http:\/\/kinesportbonneveine.fr\/index.php\/wp-json\/wp\/v2\/types\/page"}],"author":[{"embeddable":true,"href":"http:\/\/kinesportbonneveine.fr\/index.php\/wp-json\/wp\/v2\/users\/2"}],"replies":[{"embeddable":true,"href":"http:\/\/kinesportbonneveine.fr\/index.php\/wp-json\/wp\/v2\/comments?post=35"}],"version-history":[{"count":10,"href":"http:\/\/kinesportbonneveine.fr\/index.php\/wp-json\/wp\/v2\/pages\/35\/revisions"}],"predecessor-version":[{"id":200,"href":"http:\/\/kinesportbonneveine.fr\/index.php\/wp-json\/wp\/v2\/pages\/35\/revisions\/200"}],"wp:attachment":[{"href":"http:\/\/kinesportbonneveine.fr\/index.php\/wp-json\/wp\/v2\/media?parent=35"}],"curies":[{"name":"wp","href":"https:\/\/api.w.org\/{rel}","templated":true}]}}