{"id":62,"date":"2016-07-12T20:42:53","date_gmt":"2016-07-12T19:42:53","guid":{"rendered":"https:\/\/kinesportbonneveine.wordpress.com\/le-crochetage\/"},"modified":"2016-11-14T11:21:40","modified_gmt":"2016-11-14T10:21:40","slug":"le-crochetage","status":"publish","type":"page","link":"http:\/\/kinesportbonneveine.fr\/index.php\/le-crochetage\/","title":{"rendered":"Le crochetage"},"content":{"rendered":"<div id=\"para_1\" class=\"para_2582673 resize\">\n<div class=\"texte\">\n<div class=\"access firstletter\">D\u00e9j\u00e0 tr\u00e8s utilis\u00e9 chez les sportifs de haut niveaux, le crochetage est une technique qui apparait de plus en plus dans les cabinets de kin\u00e9sith\u00e9rapie.<\/div>\n<div class=\"access firstletter\"><strong>Il s&#8217;agit d&#8217;une technique de mobilisation tissulaire \u00e0 l&#8217;aide de crochets <\/strong>permettant de rendre la mobilit\u00e9 aux\u00a0 plans de glissement entre les tissus mous.<\/div>\n<div class=\"access firstletter\">Il y a donc une action sur les muscles, les fascias, les tendons, les ligaments.<\/div>\n<div class=\"access firstletter\">\n<p>Le mouvement est transversal donc perpendiculaire \u00e0 la structure trait\u00e9e.<\/p>\n<div><\/div>\n<div class=\"clear\">Le crochet permet d\u2019 atteindre des structures de fa\u00e7on plus pr\u00e9cise qu&#8217;avec les doigts et de majorer la tension induite gr\u00e2ce \u00e0 son levier.<\/div>\n<\/div>\n<\/div>\n<\/div>\n<div id=\"para_2\" class=\"para_2582674 resize\">\n<div class=\"texte\">\n<div class=\"access firstletter\">\n<p>&nbsp;<\/p>\n<p><span style=\"text-decoration: underline;\">Les crochets.\u00a0<\/span><\/p>\n<div>\n<figure id=\"attachment_83\" aria-describedby=\"caption-attachment-83\" style=\"width: 244px\" class=\"wp-caption alignnone\"><img decoding=\"async\" loading=\"lazy\" class=\"wp-image-83\" title=\"Crochetage\" src=\"http:\/\/kinesportbonneveine.fr\/wp-content\/uploads\/2016\/07\/crochets.jpg\" width=\"244\" height=\"162\" srcset=\"http:\/\/kinesportbonneveine.fr\/wp-content\/uploads\/2016\/07\/crochets.jpg 570w, http:\/\/kinesportbonneveine.fr\/wp-content\/uploads\/2016\/07\/crochets-300x199.jpg 300w\" sizes=\"(max-width: 244px) 100vw, 244px\" \/><figcaption id=\"caption-attachment-83\" class=\"wp-caption-text\">Crochetage<\/figcaption><\/figure>\n<\/div>\n<div>La courbure doit \u00eatre adapt\u00e9e au volume qui doit \u00eatre mobilis\u00e9. La courbure tissulaire doit correspondre le plus possible \u00e0 la concavit\u00e9 du crochet afin de r\u00e9partir au mieux les pressions sur la peau afin de ne pas \u00eatre agressif.<\/div>\n<div>Con\u00e7u principalement en polyamide, il en existe \u00e9galement en fer.<\/div>\n<div><\/div>\n<div><span style=\"text-decoration: underline;\">Les effets du crochetage :<\/span><\/div>\n<ul>\n<li>m\u00e9canique,en restituant la mobilit\u00e9 et la qualit\u00e9 des plans de glissement, notamment intermusculaires. Il va \u00e0 la fois lib\u00e9rer les adh\u00e9rences et les accolements que l\u2019on retrouve dans la plupart des pathologies.<\/li>\n<li>la lib\u00e9ration du syst\u00e8me vasculo-nerveux contenu dans le MCDAS et, de ce fait, am\u00e9liorer les \u00e9changes tissulaires, entra\u00eenant une am\u00e9lioration au niveau de l\u2019\u0153d\u00e8me, l\u2019inflammation et la cicatrisation tissulaire.<\/li>\n<li>La lib\u00e9ration de ces tensions par le crochetage va permettre d\u2019\u00e9quilibrer le syst\u00e8me sympathique local et, par cons\u00e9quent, d\u2019am\u00e9liorer l\u2019hom\u00e9ostasie de la zone<br \/>\nconcern\u00e9e par la l\u00e9sion<\/li>\n<li>Le crochetage va lib\u00e9rer les tensions musculaires r\u00e9flexes \u00e0 vis\u00e9e protectrice auto-entretenues par les accolements tissulaires.<\/li>\n<li>Le crochetage va contribuer \u00e0 lib\u00e9rer certaines neuropathies d\u2019enclavement p\u00e9riph\u00e9rique dans le syndrome du d\u00e9fil\u00e9 des scal\u00e8nes, canal carpien, sciatalgies, cruralgies, nerf radial, axillaire, etc.<\/li>\n<li>En lib\u00e9rant les tensions sur les muscles ayant une action proprioceptive (p\u00e9roniers lat\u00e9raux, sartorius) on va \u00e9galement renforcer la protection des articulations lors des traumatismes articulaires, en augmentant la vigilance musculaire.<\/li>\n<\/ul>\n<\/div>\n<div><\/div>\n<div><span style=\"text-decoration: underline;\">Conclusion<\/span><\/div>\n<div>Le crochetage et ses techniques associ\u00e9es forment une m\u00e9thode visant \u00e0 restaurer la mobilit\u00e9 intertissulaire. Celle-ci ne pr\u00e9tend pas remplacer les techniques utilis\u00e9es par le kin\u00e9sith\u00e9rapeute. Au contraire, elle propose de compl\u00e9ter son arsenal th\u00e9rapeutique par un abord de la pathologie qui est \u00e0 la fois rationnel, original, et bas\u00e9 sur le diagnostic palpatoire.<\/div>\n<\/div>\n<\/div>\n","protected":false},"excerpt":{"rendered":"<p>D\u00e9j\u00e0 tr\u00e8s utilis\u00e9 chez les sportifs de haut niveaux, le crochetage est une technique qui apparait de plus en plus dans les cabinets de kin\u00e9sith\u00e9rapie. Il s&#8217;agit d&#8217;une technique de mobilisation tissulaire \u00e0 l&#8217;aide de&hellip; <a href=\"http:\/\/kinesportbonneveine.fr\/index.php\/le-crochetage\/\">More<\/a><\/p>\n","protected":false},"author":2,"featured_media":0,"parent":0,"menu_order":0,"comment_status":"closed","ping_status":"closed","template":"","meta":[],"_links":{"self":[{"href":"http:\/\/kinesportbonneveine.fr\/index.php\/wp-json\/wp\/v2\/pages\/62"}],"collection":[{"href":"http:\/\/kinesportbonneveine.fr\/index.php\/wp-json\/wp\/v2\/pages"}],"about":[{"href":"http:\/\/kinesportbonneveine.fr\/index.php\/wp-json\/wp\/v2\/types\/page"}],"author":[{"embeddable":true,"href":"http:\/\/kinesportbonneveine.fr\/index.php\/wp-json\/wp\/v2\/users\/2"}],"replies":[{"embeddable":true,"href":"http:\/\/kinesportbonneveine.fr\/index.php\/wp-json\/wp\/v2\/comments?post=62"}],"version-history":[{"count":5,"href":"http:\/\/kinesportbonneveine.fr\/index.php\/wp-json\/wp\/v2\/pages\/62\/revisions"}],"predecessor-version":[{"id":194,"href":"http:\/\/kinesportbonneveine.fr\/index.php\/wp-json\/wp\/v2\/pages\/62\/revisions\/194"}],"wp:attachment":[{"href":"http:\/\/kinesportbonneveine.fr\/index.php\/wp-json\/wp\/v2\/media?parent=62"}],"curies":[{"name":"wp","href":"https:\/\/api.w.org\/{rel}","templated":true}]}}