{"id":73,"date":"2016-07-12T20:43:30","date_gmt":"2016-07-12T19:43:30","guid":{"rendered":"https:\/\/kinesportbonneveine.wordpress.com\/lelectrotherapie-2\/"},"modified":"2016-07-12T20:43:30","modified_gmt":"2016-07-12T19:43:30","slug":"lelectrotherapie-2","status":"publish","type":"page","link":"http:\/\/kinesportbonneveine.fr\/index.php\/lelectrotherapie-2\/","title":{"rendered":"L&#8217;\u00e9lectroth\u00e9rapie"},"content":{"rendered":"<div>\n<p>L\u2019\u00e9lectroth\u00e9rapie repr\u00e9sente tous les moyens de traitement utilisant les propri\u00e9t\u00e9s des courants \u00e9lectriques sur l\u2019organisme.<\/p>\n<\/div>\n<div>\n<h2><a name=\"Comment les utilise-t-on ?\"><\/a>Comment les utilise-t-on ?<\/h2>\n<ul>\n<li>Le courant circule entre 2 <a href=\"http:\/\/www.docteurclic.com\/encyclopedie\/plaques.aspx\">plaques<\/a> qui servent d\u2019\u00e9lectrodes. Il est soit continu, soit alternatif (comme le courant domestique, mais avec des intensit\u00e9s tr\u00e8s faibles).<\/li>\n<li>Les plaques peuvent \u00eatre s\u00e8ches, et c\u2019est la <a href=\"http:\/\/www.docteurclic.com\/encyclopedie\/peau.aspx\">peau<\/a> seule qui sert de conducteur : c\u2019est une m\u00e9thode souvent employ\u00e9e pour stimuler.<\/li>\n<li>Les plaques peuvent \u00e9galement \u00eatre humidifi\u00e9es avec des \u00e9ponges imbib\u00e9es d\u2019un produit. Dans ce cas, le courant va faire p\u00e9n\u00e9trer le produit \u00e0 travers la peau : c\u2019est l\u2019ionisation.<\/li>\n<\/ul>\n<p>&nbsp;<\/p>\n<\/div>\n<div>\n<h2><a name=\"Que traite-t-on avec l\u2019\u00e9lectroth\u00e9rapie ?\"><\/a>Que traite-t-on avec l\u2019\u00e9lectroth\u00e9rapie ?<\/h2>\n<p>Plusieurs applications sont vis\u00e9es :<\/p>\n<ul>\n<li>La douleur : utilis\u00e9s \u00e0 une certaine fr\u00e9quence, les courants \u00e9lectriques stimulent les fibres nerveuses qui vont remonter jusqu\u2019\u00e0 la <a href=\"http:\/\/www.docteurclic.com\/encyclopedie\/moelle-epiniere.aspx\"><strong class=\"definition\">moelle \u00e9pini\u00e8re<\/strong><\/a> et bloquer l\u2019arriv\u00e9e des influx douloureux qui sont plus lents \u00e0 cheminer.<\/li>\n<li>L\u2019inflammation : le traitement se fait surtout gr\u00e2ce aux ionisations : l\u2019\u00e9lectrode est impr\u00e9gn\u00e9e d\u2019un gel anti-inflammatoire ou d\u2019un liquide r\u00e9serv\u00e9 \u00e0 cet usage, par exemple le <a href=\"http:\/\/www.docteurclic.com\/medicament\/chlorure.aspx\" rel=\"nofollow\">chlorure<\/a> de <a href=\"http:\/\/www.docteurclic.com\/encyclopedie\/calcium.aspx\">calcium<\/a>. On ressent de petits picotements sans gravit\u00e9.<\/li>\n<li>Les traitements anti-fibrose : on parvient gr\u00e2ce \u00e0 du <a href=\"http:\/\/www.docteurclic.com\/medicament\/iodure.aspx\" rel=\"nofollow\">iodure<\/a> de <a href=\"http:\/\/www.docteurclic.com\/encyclopedie\/potassium.aspx\">potassium<\/a> \u00e0 assouplir des <a href=\"http:\/\/www.docteurclic.com\/symptome\/les-cicatrices.aspx\">cicatrices<\/a> fibreuses musculaires, articulaires ou tendineuses.<\/li>\n<li>Certains modes de stimulation ont aussi une action sur la circulation et la <a href=\"http:\/\/www.docteurclic.com\/symptome\/cicatrisation.aspx\">cicatrisation<\/a>.<\/li>\n<li>Dans les traitements musculaires : c\u2019est un des grands succ\u00e8s de l\u2019\u00e9lectroth\u00e9rapie, pour d\u00e9contracter des <a href=\"http:\/\/www.docteurclic.com\/encyclopedie\/muscles.aspx\">muscles<\/a> trop tendus sur une blessure, ou au contraire les stimuler en attendant de pouvoir faire un travail actif sans risque.<\/li>\n<\/ul>\n<\/div>\n","protected":false},"excerpt":{"rendered":"<p>L\u2019\u00e9lectroth\u00e9rapie repr\u00e9sente tous les moyens de traitement utilisant les propri\u00e9t\u00e9s des courants \u00e9lectriques sur l\u2019organisme. Comment les utilise-t-on ? Le courant circule entre 2 plaques qui servent d\u2019\u00e9lectrodes. Il est soit continu, soit alternatif (comme&hellip; <a href=\"http:\/\/kinesportbonneveine.fr\/index.php\/lelectrotherapie-2\/\">More<\/a><\/p>\n","protected":false},"author":2,"featured_media":0,"parent":0,"menu_order":0,"comment_status":"closed","ping_status":"closed","template":"","meta":[],"_links":{"self":[{"href":"http:\/\/kinesportbonneveine.fr\/index.php\/wp-json\/wp\/v2\/pages\/73"}],"collection":[{"href":"http:\/\/kinesportbonneveine.fr\/index.php\/wp-json\/wp\/v2\/pages"}],"about":[{"href":"http:\/\/kinesportbonneveine.fr\/index.php\/wp-json\/wp\/v2\/types\/page"}],"author":[{"embeddable":true,"href":"http:\/\/kinesportbonneveine.fr\/index.php\/wp-json\/wp\/v2\/users\/2"}],"replies":[{"embeddable":true,"href":"http:\/\/kinesportbonneveine.fr\/index.php\/wp-json\/wp\/v2\/comments?post=73"}],"version-history":[{"count":0,"href":"http:\/\/kinesportbonneveine.fr\/index.php\/wp-json\/wp\/v2\/pages\/73\/revisions"}],"wp:attachment":[{"href":"http:\/\/kinesportbonneveine.fr\/index.php\/wp-json\/wp\/v2\/media?parent=73"}],"curies":[{"name":"wp","href":"https:\/\/api.w.org\/{rel}","templated":true}]}}