{"id":75,"date":"2016-07-12T20:43:35","date_gmt":"2016-07-12T19:43:35","guid":{"rendered":"https:\/\/kinesportbonneveine.wordpress.com\/le-gymnase-2\/"},"modified":"2021-11-11T12:07:26","modified_gmt":"2021-11-11T11:07:26","slug":"le-gymnase-2","status":"publish","type":"page","link":"http:\/\/kinesportbonneveine.fr\/index.php\/le-gymnase-2\/","title":{"rendered":"Le gymnase"},"content":{"rendered":"<p>Dans une surface de 50m2, le gymnase est \u00e9quip\u00e9 :<\/p>\n<ul>\n<li>d&#8217;un v\u00e9lo elliptique<\/li>\n<li>d&#8217;un v\u00e9lo semi-allong\u00e9<\/li>\n<li>d&#8217;un v\u00e9lo d&#8217;appartement classique<\/li>\n<li>d&#8217;un rameur<\/li>\n<li>d&#8217;un stand de musculation tr\u00e8s complet<\/li>\n<li>d&#8217;une presse \u00e0 cuisse<\/li>\n<li>d&#8217;un tapis de course<\/li>\n<li>d&#8217;une poulie de travail<\/li>\n<li>de 2 espaliers<\/li>\n<li>de 2 TRX<\/li>\n<li>de Battle Rope<\/li>\n<li>de nombreux outils dit &#8220;petit mat\u00e9riel kin\u00e9&#8221; (Bosu, Kettle bell, Halt\u00e8res, Trampoline, plyobox etc&#8230;)<\/li>\n<\/ul>\n<div id='gallery-1' class='gallery galleryid-75 gallery-columns-3 gallery-size-thumbnail'><figure class='gallery-item'>\n\t\t\t<div class='gallery-icon landscape'>\n\t\t\t\t<a href='http:\/\/kinesportbonneveine.fr\/index.php\/le-gymnase-2\/dscn1651\/'><img width=\"150\" height=\"150\" src=\"http:\/\/kinesportbonneveine.fr\/wp-content\/uploads\/2016\/10\/dscn1651-150x150.jpg\" class=\"attachment-thumbnail size-thumbnail\" alt=\"\" decoding=\"async\" loading=\"lazy\" \/><\/a>\n\t\t\t<\/div><\/figure><figure class='gallery-item'>\n\t\t\t<div class='gallery-icon landscape'>\n\t\t\t\t<a href='http:\/\/kinesportbonneveine.fr\/index.php\/le-gymnase-2\/dscn1645\/'><img width=\"150\" height=\"150\" src=\"http:\/\/kinesportbonneveine.fr\/wp-content\/uploads\/2016\/10\/dscn1645-150x150.jpg\" class=\"attachment-thumbnail size-thumbnail\" alt=\"\" decoding=\"async\" loading=\"lazy\" \/><\/a>\n\t\t\t<\/div><\/figure><figure class='gallery-item'>\n\t\t\t<div class='gallery-icon landscape'>\n\t\t\t\t<a href='http:\/\/kinesportbonneveine.fr\/index.php\/le-gymnase-2\/dsc_0006\/'><img width=\"150\" height=\"150\" src=\"http:\/\/kinesportbonneveine.fr\/wp-content\/uploads\/2016\/07\/DSC_0006-150x150.jpg\" class=\"attachment-thumbnail size-thumbnail\" alt=\"\" decoding=\"async\" loading=\"lazy\" \/><\/a>\n\t\t\t<\/div><\/figure><figure class='gallery-item'>\n\t\t\t<div class='gallery-icon landscape'>\n\t\t\t\t<a href='http:\/\/kinesportbonneveine.fr\/index.php\/le-gymnase-2\/dsc_0032\/'><img width=\"150\" height=\"150\" src=\"http:\/\/kinesportbonneveine.fr\/wp-content\/uploads\/2016\/07\/DSC_0032-150x150.jpg\" class=\"attachment-thumbnail size-thumbnail\" alt=\"\" decoding=\"async\" loading=\"lazy\" \/><\/a>\n\t\t\t<\/div><\/figure><figure class='gallery-item'>\n\t\t\t<div class='gallery-icon portrait'>\n\t\t\t\t<a href='http:\/\/kinesportbonneveine.fr\/index.php\/le-gymnase-2\/dsc_0010\/'><img width=\"150\" height=\"150\" src=\"http:\/\/kinesportbonneveine.fr\/wp-content\/uploads\/2016\/07\/DSC_0010-e1480370097527-150x150.jpg\" class=\"attachment-thumbnail size-thumbnail\" alt=\"\" decoding=\"async\" loading=\"lazy\" \/><\/a>\n\t\t\t<\/div><\/figure>\n\t\t<\/div>\n\n","protected":false},"excerpt":{"rendered":"<p>Dans une surface de 50m2, le gymnase est \u00e9quip\u00e9 : d&#8217;un v\u00e9lo elliptique d&#8217;un v\u00e9lo semi-allong\u00e9 d&#8217;un v\u00e9lo d&#8217;appartement classique d&#8217;un rameur d&#8217;un stand de musculation tr\u00e8s complet d&#8217;une presse \u00e0 cuisse d&#8217;un tapis de&hellip; <a href=\"http:\/\/kinesportbonneveine.fr\/index.php\/le-gymnase-2\/\">More<\/a><\/p>\n","protected":false},"author":2,"featured_media":0,"parent":0,"menu_order":0,"comment_status":"closed","ping_status":"closed","template":"","meta":[],"_links":{"self":[{"href":"http:\/\/kinesportbonneveine.fr\/index.php\/wp-json\/wp\/v2\/pages\/75"}],"collection":[{"href":"http:\/\/kinesportbonneveine.fr\/index.php\/wp-json\/wp\/v2\/pages"}],"about":[{"href":"http:\/\/kinesportbonneveine.fr\/index.php\/wp-json\/wp\/v2\/types\/page"}],"author":[{"embeddable":true,"href":"http:\/\/kinesportbonneveine.fr\/index.php\/wp-json\/wp\/v2\/users\/2"}],"replies":[{"embeddable":true,"href":"http:\/\/kinesportbonneveine.fr\/index.php\/wp-json\/wp\/v2\/comments?post=75"}],"version-history":[{"count":5,"href":"http:\/\/kinesportbonneveine.fr\/index.php\/wp-json\/wp\/v2\/pages\/75\/revisions"}],"predecessor-version":[{"id":291,"href":"http:\/\/kinesportbonneveine.fr\/index.php\/wp-json\/wp\/v2\/pages\/75\/revisions\/291"}],"wp:attachment":[{"href":"http:\/\/kinesportbonneveine.fr\/index.php\/wp-json\/wp\/v2\/media?parent=75"}],"curies":[{"name":"wp","href":"https:\/\/api.w.org\/{rel}","templated":true}]}}