{"id":91,"date":"2016-07-22T18:55:16","date_gmt":"2016-07-22T16:55:16","guid":{"rendered":"https:\/\/kinesportbonneveine.wordpress.com\/les-ondes-de-choc-2\/"},"modified":"2016-11-17T23:02:28","modified_gmt":"2016-11-17T22:02:28","slug":"les-ondes-de-choc-2","status":"publish","type":"page","link":"http:\/\/kinesportbonneveine.fr\/index.php\/les-ondes-de-choc-2\/","title":{"rendered":"Les Ondes de Choc"},"content":{"rendered":"<div id=\"content-2\" class=\"magiced\">\n<h3><span style=\"text-decoration: underline;\">D\u00e9finition des ondes de choc<\/span><\/h3>\n<figure style=\"width: 149px\" class=\"wp-caption aligncenter\"><img decoding=\"async\" loading=\"lazy\" title=\"Ondes de choc\" src=\"http:\/\/www.ondesdechoc.eu\/download.php?FNAME=1265285534.upl&amp;amp;ANAME=swtaplicator.jpg\" alt=\"Ondes de choc\" width=\"149\" height=\"122\" align=\"right\" \/><figcaption class=\"wp-caption-text\">Ondes de choc<\/figcaption><\/figure>\n<p align=\"justify\">Les ondes de choc sont des ondes acoustiques avec un sommet d\u2019\u00e9nergie extr\u00eamement haut comme ceux qui se produisent dans l\u2019atmosph\u00e8re suite \u00e0 un ph\u00e9nom\u00e8ne d\u2019explosion tel qu\u2019un coup de foudre ou une explosion sonique. Une onde de choc diff\u00e8re de l\u2019ultrason par son amplitude de pression extr\u00eamement large. De plus, l\u2019ultrason consiste habituellement en une oscillation p\u00e9riodique tandis qu\u2019une onde de choc est une simple impulsion.<\/p>\n<div><strong><span style=\"font-size: small;\"><span style=\"font-size: medium;\">Evolution de la th\u00e9rapie par ondes de choc<\/span><\/span><\/strong><\/div>\n<p align=\"justify\">Les termes \u201cth\u00e9rapie par ondes de choc\u201d font r\u00e9f\u00e9rence aux impulsions m\u00e9caniques de pression qui s\u2019\u00e9tendent comme une vague au travers du corps humain. En 1980, la m\u00e9thode par ondes de choc a \u00e9t\u00e9 utilis\u00e9e pour la premi\u00e8re fois pour d\u00e9sint\u00e9grer des cailloux dans les reins d\u2019un patient (<em>Journal of Urology (Journal d\u2019urologie)<\/em>, 1982). Depuis ces deux derni\u00e8res ann\u00e9es, cette m\u00e9thode a re\u00e7u un traitement standard de choix pour les <em>calculi<\/em> r\u00e9naux et ur\u00e9traux.<\/p>\n<h5><span style=\"text-decoration: underline;\">Effet th\u00e9rapeutique des ondes de choc<\/span><\/h5>\n<p align=\"justify\">La th\u00e9rapie par ondes acoustiques extracorporelles (contrairement \u00e0 la lithotripsie) n\u2019est pas utilis\u00e9e pour d\u00e9sint\u00e9grer les tissus mais pour provoquer des effets biologiques extracellulaires et interstitielles microscopiques; ce qui inclut une r\u00e9g\u00e9n\u00e9ration du tissu. En th\u00e9rapie moderne de la douleur, l\u2019\u00e9nergie par ondes acoustiques est conduite du point d\u2019origine, qui est le g\u00e9n\u00e9rateur d\u2019ondes acoustiques (via un gel de couplage), aux r\u00e9gions du corps \u00e9prouvant la douleur. Ici, sa capacit\u00e9 curative est appliqu\u00e9e.<\/p>\n<figure style=\"width: 328px\" class=\"wp-caption alignleft\"><img decoding=\"async\" loading=\"lazy\" class=\"\" title=\"Ondes de choc \u00e9paule\" src=\"http:\/\/www.ondesdechoc.eu\/download.php?FNAME=1264597536.upl&amp;amp;ANAME=BTL-SWT_P-diagnosis-painful-shoulder_0712-resize.jpg\" alt=\"Ondes de choc \u00e9paule\" width=\"328\" height=\"220\" \/><figcaption class=\"wp-caption-text\">Ondes de choc \u00e9paule<\/figcaption><\/figure>\n<figure style=\"width: 334px\" class=\"wp-caption alignright\"><img decoding=\"async\" loading=\"lazy\" class=\"\" title=\"Apon\u00e9vrosite, \u00e9pine caclcan\u00e9enne...\" src=\"http:\/\/www.ondesdechoc.eu\/download.php?FNAME=1264597517.upl&amp;amp;ANAME=BTL-SWT_P-diagnosis-plantar-fasciitis_0712-res.jpg\" alt=\"Apon\u00e9vrosite, \u00e9pine caclcan\u00e9enne...\" width=\"334\" height=\"223\" hspace=\"20\" \/><figcaption class=\"wp-caption-text\">Apon\u00e9vrosite, \u00e9pine caclcan\u00e9enne&#8230;<\/figcaption><\/figure>\n<p>&nbsp;<\/p>\n<h5><span style=\"text-decoration: underline;\">Indications cliniques<\/span><\/h5>\n<p align=\"justify\">Avec le temps, les ondes acoustiques se sont av\u00e9r\u00e9es \u00eatre une m\u00e9thode non invasive et efficace pour le traitement de pathologies musculo-squelettiques localis\u00e9es, comprenant: l\u2019\u00e9picondylite, l\u2019\u00e9pine calcan\u00e9enne et la fasc\u00e9ite plantaire, troubles de la coiffe des rotateurs, les points g\u00e2chette, une vari\u00e9t\u00e9 de tendinopathies chroniques et beaucoup d\u2019autres indications.<\/p>\n<h5><span style=\"text-decoration: underline;\">Domaines d\u2019application des ondes de choc<\/span><\/h5>\n<p>La th\u00e9rapie par ondes de choc extracorporelles est le plus souvent utilis\u00e9e en physioth\u00e9rapie, orthop\u00e9die et m\u00e9decine sportive.<\/p>\n<figure id=\"attachment_114\" aria-describedby=\"caption-attachment-114\" style=\"width: 4608px\" class=\"wp-caption alignnone\"><img decoding=\"async\" loading=\"lazy\" class=\"wp-image-114 size-full\" title=\"Chattanooga ondes de choc\" src=\"http:\/\/kinesportbonneveine.fr\/wp-content\/uploads\/2016\/10\/dscn1668.jpg\" alt=\"Chattanooga ondes de choc\" width=\"4608\" height=\"3456\" \/><figcaption id=\"caption-attachment-114\" class=\"wp-caption-text\">Chattanooga ondes de choc<\/figcaption><\/figure>\n<\/div>\n","protected":false},"excerpt":{"rendered":"<p>D\u00e9finition des ondes de choc Les ondes de choc sont des ondes acoustiques avec un sommet d\u2019\u00e9nergie extr\u00eamement haut comme ceux qui se produisent dans l\u2019atmosph\u00e8re suite \u00e0 un ph\u00e9nom\u00e8ne d\u2019explosion tel qu\u2019un coup de&hellip; <a href=\"http:\/\/kinesportbonneveine.fr\/index.php\/les-ondes-de-choc-2\/\">More<\/a><\/p>\n","protected":false},"author":2,"featured_media":0,"parent":0,"menu_order":0,"comment_status":"closed","ping_status":"closed","template":"","meta":[],"_links":{"self":[{"href":"http:\/\/kinesportbonneveine.fr\/index.php\/wp-json\/wp\/v2\/pages\/91"}],"collection":[{"href":"http:\/\/kinesportbonneveine.fr\/index.php\/wp-json\/wp\/v2\/pages"}],"about":[{"href":"http:\/\/kinesportbonneveine.fr\/index.php\/wp-json\/wp\/v2\/types\/page"}],"author":[{"embeddable":true,"href":"http:\/\/kinesportbonneveine.fr\/index.php\/wp-json\/wp\/v2\/users\/2"}],"replies":[{"embeddable":true,"href":"http:\/\/kinesportbonneveine.fr\/index.php\/wp-json\/wp\/v2\/comments?post=91"}],"version-history":[{"count":7,"href":"http:\/\/kinesportbonneveine.fr\/index.php\/wp-json\/wp\/v2\/pages\/91\/revisions"}],"predecessor-version":[{"id":206,"href":"http:\/\/kinesportbonneveine.fr\/index.php\/wp-json\/wp\/v2\/pages\/91\/revisions\/206"}],"wp:attachment":[{"href":"http:\/\/kinesportbonneveine.fr\/index.php\/wp-json\/wp\/v2\/media?parent=91"}],"curies":[{"name":"wp","href":"https:\/\/api.w.org\/{rel}","templated":true}]}}