{"id":96,"date":"2016-08-05T14:59:22","date_gmt":"2016-08-05T12:59:22","guid":{"rendered":"https:\/\/kinesportbonneveine.wordpress.com\/la-pressotherapie\/"},"modified":"2016-11-14T11:20:32","modified_gmt":"2016-11-14T10:20:32","slug":"la-pressotherapie","status":"publish","type":"page","link":"http:\/\/kinesportbonneveine.fr\/index.php\/la-pressotherapie\/","title":{"rendered":"La pressoth\u00e9rapie"},"content":{"rendered":"<h2>Qu&#8217;est-ce que la pressoth\u00e9rapie\u00a0?<\/h2>\n<p>La pressoth\u00e9rapie est propos\u00e9e aux personnes qui ont des probl\u00e8mes de circulation comme des phl\u00e9bites, des \u0153d\u00e8mes ou encore le ph\u00e9nom\u00e8ne de jambe lourde.<\/p>\n<p>Le curiste portera des bottes de compression pour les jambes, des manchons pour les bras ou des ceintures. La th\u00e9rapie repose sur l&#8217;action m\u00e9canique d&#8217;un cycle de pression et de d\u00e9pression des bottes sur les jambes du patient.<\/p>\n<p>La pressoth\u00e9rapie peut aussi se pratiquer chez des m\u00e9decins sp\u00e9cialistes ou des professionnels du bien-\u00eatre.<\/p>\n<div class=\"ad_test1\"><\/div>\n<h2>Comment se d\u00e9roule une s\u00e9ance de pressoth\u00e9rapie\u00a0?<\/h2>\n<p>Le curiste enfile des bottes de pressoth\u00e9rapie et se met en position allong\u00e9e sur le dos avec les jambes l\u00e9g\u00e8rement sur\u00e9lev\u00e9es. Les cycles de pression\/d\u00e9pression sont assur\u00e9s par un compresseur qui passe g\u00e9n\u00e9ralement d&#8217;une pression de 40 \u00e0 80 millibars. Une s\u00e9ance de pressoth\u00e9rapie dure en moyenne 30 minutes.<\/p>\n<h2><\/h2>\n<h2>Les bienfaits de la pressoth\u00e9rapie<\/h2>\n<p>La pressoth\u00e9rapie am\u00e9liore la circulation chez les patients souffrant de d\u00e9faillance de la circulation sanguine. Le patient retrouvera une sensation de l\u00e9g\u00e8ret\u00e9 au niveau de ses jambes ou de ses autres membres du corps. L&#8217;\u00e9limination des toxines dans le corps pourra ainsi s&#8217;effectuer de mani\u00e8re plus efficace. Les \u0153d\u00e8mes s&#8217;att\u00e9nuent ou disparaissent apr\u00e8s quelques s\u00e9ances.<\/p>\n<h2>Notre mat\u00e9riel<\/h2>\n<p>Il s&#8217;agit du doctor life.<\/p>\n<figure id=\"attachment_109\" aria-describedby=\"caption-attachment-109\" style=\"width: 258px\" class=\"wp-caption alignnone\"><img decoding=\"async\" loading=\"lazy\" class=\"wp-image-109\" title=\"Doctor Life Pressoth\u00e9rapie\" src=\"http:\/\/kinesportbonneveine.fr\/wp-content\/uploads\/2016\/10\/dscn1660.jpg\" alt=\"dscn1660\" width=\"258\" height=\"344\" \/><figcaption id=\"caption-attachment-109\" class=\"wp-caption-text\">Doctor Life Pressoth\u00e9rapie<\/figcaption><\/figure>\n","protected":false},"excerpt":{"rendered":"<p>Qu&#8217;est-ce que la pressoth\u00e9rapie\u00a0? La pressoth\u00e9rapie est propos\u00e9e aux personnes qui ont des probl\u00e8mes de circulation comme des phl\u00e9bites, des \u0153d\u00e8mes ou encore le ph\u00e9nom\u00e8ne de jambe lourde. Le curiste portera des bottes de compression&hellip; <a href=\"http:\/\/kinesportbonneveine.fr\/index.php\/la-pressotherapie\/\">More<\/a><\/p>\n","protected":false},"author":2,"featured_media":0,"parent":0,"menu_order":0,"comment_status":"closed","ping_status":"closed","template":"","meta":[],"_links":{"self":[{"href":"http:\/\/kinesportbonneveine.fr\/index.php\/wp-json\/wp\/v2\/pages\/96"}],"collection":[{"href":"http:\/\/kinesportbonneveine.fr\/index.php\/wp-json\/wp\/v2\/pages"}],"about":[{"href":"http:\/\/kinesportbonneveine.fr\/index.php\/wp-json\/wp\/v2\/types\/page"}],"author":[{"embeddable":true,"href":"http:\/\/kinesportbonneveine.fr\/index.php\/wp-json\/wp\/v2\/users\/2"}],"replies":[{"embeddable":true,"href":"http:\/\/kinesportbonneveine.fr\/index.php\/wp-json\/wp\/v2\/comments?post=96"}],"version-history":[{"count":1,"href":"http:\/\/kinesportbonneveine.fr\/index.php\/wp-json\/wp\/v2\/pages\/96\/revisions"}],"predecessor-version":[{"id":193,"href":"http:\/\/kinesportbonneveine.fr\/index.php\/wp-json\/wp\/v2\/pages\/96\/revisions\/193"}],"wp:attachment":[{"href":"http:\/\/kinesportbonneveine.fr\/index.php\/wp-json\/wp\/v2\/media?parent=96"}],"curies":[{"name":"wp","href":"https:\/\/api.w.org\/{rel}","templated":true}]}}